{"id":134,"date":"2024-08-31T13:30:15","date_gmt":"2024-08-31T18:30:15","guid":{"rendered":"https:\/\/aginternational.ca\/?page_id=134"},"modified":"2024-09-10T11:13:56","modified_gmt":"2024-09-10T16:13:56","slug":"arietta","status":"publish","type":"page","link":"https:\/\/aginternational.ca\/fr\/arietta\/","title":{"rendered":"Arietta"},"content":{"rendered":"<div data-elementor-type=\"wp-page\" data-elementor-id=\"134\" class=\"elementor elementor-134\">\n\t\t\t\t<div class=\"elementor-element elementor-element-ce5fb54 e-con-full e-flex e-con e-parent\" data-id=\"ce5fb54\" data-element_type=\"container\" data-settings=\"{&quot;background_background&quot;:&quot;classic&quot;}\">\n\t\t\t\t<div class=\"elementor-element elementor-element-963443c elementor-view-default elementor-widget elementor-widget-icon\" data-id=\"963443c\" data-element_type=\"widget\" data-widget_type=\"icon.default\">\n\t\t\t\t<div class=\"elementor-widget-container\">\n\t\t\t\t\t<div class=\"elementor-icon-wrapper\">\n\t\t\t<div class=\"elementor-icon\">\n\t\t\t<svg xmlns=\"http:\/\/www.w3.org\/2000\/svg\" width=\"565.16\" height=\"173.43\" viewbox=\"0 0 565.16 173.43\"><path d=\"M19.33,31.85l-.68.13L16.11,44.61l1.63-.49A145.81,145.81,0,0,1,59.35,38c9.45,0,25.31,1.32,25.31,10.21,0,8.67-16.53,11.42-34,14.34-23,3.84-49.1,8.19-49.1,27.28,0,14.44,14.29,21.76,42.46,21.76A174.81,174.81,0,0,0,66.58,110l.6-.08,4.58-11.85-1.88.43a105.51,105.51,0,0,1-23.35,2.81c-5.78,0-24.63-.83-24.63-11.64,0-10.59,18.26-14.08,35.93-17.47,10.66-2,21.64-5.09,27.75-8.58v47.94h19V49c0-10.52-3.58-22.06-42.69-21.28A265.34,265.34,0,0,0,19.33,31.85Z\" style=\"\"><\/path><path d=\"M158,40.57a21,21,0,0,0-7.91,1.58c-4,1.94-4.93,3.69-4.93,8.08v61.33h-19V49.88a41.73,41.73,0,0,1,.18-4.74c1.93-10.54,8.43-14.59,24.77-16.34,1.76-.18,3.69-.18,5.27-.18h11.07v12Z\" style=\"\"><\/path><path d=\"M190.05,14.74a6.8,6.8,0,0,1-3.69-6.15c0-2.11,1.23-4.22,3.69-5.8C195-.9,203.76-.9,209,2.61c5.1,3.34,5.1,8.79.17,12.13C203.93,18.25,195.32,18.25,190.05,14.74Zm-.17,96.82V28.62h19v82.94Z\" style=\"\"><\/path><path d=\"M265.91,66.39l49.45-15.28V49c0-6.14-3.51-8.61-14.23-8.61h-35c-11.07,0-15.47,3.7-15.47,12V89.07c1.93,8.44,4.75,10.72,15.82,10.72h69.23v11.77H265.1c-12.13,0-20.21-2.28-26.89-8.08-4.21-3.51-6.5-7.73-6.5-13.18V52c0-15.64,12.13-23.37,38.14-23.37h31.8c20.21,0,32.69,7.38,32.69,20.56v9.31l-71.23,22Z\" style=\"\"><\/path><path d=\"M373.56,40.39v71.17h-19V.15h19V28.62h22V40.39Z\" style=\"\"><\/path><path d=\"M433.34,40.39v71.17h-19V.15h19V28.62h22V40.39Z\" style=\"\"><\/path><path d=\"M479.93,31.85l-.68.13-2.54,12.63,1.63-.49A145.81,145.81,0,0,1,520,38c9.45,0,25.31,1.32,25.31,10.21,0,8.67-16.52,11.42-34,14.34-23,3.84-49.1,8.19-49.1,27.28,0,14.44,14.29,21.76,42.46,21.76A174.78,174.78,0,0,0,527.18,110l.6-.08,4.58-11.85-1.88.43a105.44,105.44,0,0,1-23.35,2.81c-5.77,0-24.62-.83-24.62-11.64,0-10.59,18.26-14.08,35.92-17.47,10.66-2,21.64-5.09,27.76-8.58v47.94h19V49c0-10.52-3.57-22.06-42.69-21.28A265.44,265.44,0,0,0,479.93,31.85Z\" style=\"\"><\/path><path d=\"M0,147.2H6.58a10.2,10.2,0,0,1,10.51,10.58v.06A10.25,10.25,0,0,1,6.58,168.48H0Zm1.47,1.46V167H6.58c5.51,0,9-4,9-9.12v-.06c0-5-3.48-9.18-9-9.18Z\" style=\"\"><\/path><path d=\"M20.8,160.76v-.06c0-4.47,2.93-8.09,6.83-8.09s6.61,3.53,6.61,8.12a6,6,0,0,1,0,.61H22.27c.22,3.86,2.85,6.1,5.65,6.1A6.29,6.29,0,0,0,32.86,165l1,.92a7.41,7.41,0,0,1-6,2.91C24.07,168.84,20.8,165.62,20.8,160.76Zm12-.76c-.23-3.13-1.87-6-5.17-6-2.86,0-5.09,2.58-5.31,6Z\" style=\"\"><\/path><path d=\"M37,166.53l.82-1.18a8.14,8.14,0,0,0,5.17,2c1.95,0,3.48-1.12,3.48-2.94v-.07c0-1.82-1.81-2.46-3.82-3.1-2.37-.72-4.94-1.45-4.94-4.25V157c0-2.49,2-4.29,4.75-4.29a9,9,0,0,1,5.11,1.71l-.74,1.24a7.8,7.8,0,0,0-4.43-1.55c-2,0-3.28,1.16-3.28,2.71v.06c0,1.73,2,2.34,4,3,2.32.73,4.75,1.61,4.75,4.34v.06c0,2.77-2.18,4.53-5,4.53A9.46,9.46,0,0,1,37,166.53Z\" style=\"\"><\/path><path d=\"M52.36,146.9h1.72v2H52.36Zm.17,6.08h1.38v15.5H52.53Z\" style=\"\"><\/path><path d=\"M59.08,171l.82-1.21A8.93,8.93,0,0,0,65.72,172c3.28,0,5.65-2,5.65-6v-2.25A6.9,6.9,0,0,1,58.43,160V160a6.94,6.94,0,0,1,12.94-3.89V153h1.39v13.1a7.4,7.4,0,0,1-1.84,5.25,7,7,0,0,1-5.23,2.07A10.33,10.33,0,0,1,59.08,171Zm12.38-11v-.06a5.89,5.89,0,0,0-6-5.9,5.51,5.51,0,0,0-5.57,5.87V160a5.68,5.68,0,0,0,5.57,5.92A5.92,5.92,0,0,0,71.46,160Z\" style=\"\"><\/path><path d=\"M78,153H79.4v2.89a5.63,5.63,0,0,1,5.2-3.26c3.64,0,5.76,2.65,5.76,6.39v9.48H89v-9.21c0-3.19-1.63-5.29-4.57-5.29s-5,2.28-5,5.53v9H78Z\" style=\"\"><\/path><path d=\"M94.34,160.76v-.06c0-4.47,2.94-8.09,6.84-8.09s6.61,3.53,6.61,8.12a4,4,0,0,1,0,.61h-12c.23,3.86,2.86,6.1,5.65,6.1a6.31,6.31,0,0,0,5-2.43l1,.92a7.41,7.41,0,0,1-6,2.91C97.62,168.84,94.34,165.62,94.34,160.76Zm12-.76c-.23-3.13-1.87-6-5.17-6-2.86,0-5.09,2.58-5.32,6Z\" style=\"\"><\/path><path d=\"M110.9,160.79v-.06c0-5,3.53-8.12,7-8.12,2.88,0,4.72,1.77,5.93,3.71v-10h1.39v22.19h-1.39V165c-1.27,2-3,3.83-5.93,3.83C114.43,168.84,110.9,165.83,110.9,160.79Zm13,0v-.06c0-4-2.86-6.66-5.88-6.66s-5.65,2.49-5.65,6.63v.06c0,4.07,2.6,6.68,5.65,6.68S123.93,164.71,123.93,160.76Z\" style=\"\"><\/path><path d=\"M139,146.9h1.72v2H139Zm.17,6.08h1.38v15.5h-1.38Z\" style=\"\"><\/path><path d=\"M146,153h1.38v2.89a5.63,5.63,0,0,1,5.2-3.26c3.64,0,5.76,2.65,5.76,6.39v9.48H157v-9.21c0-3.19-1.64-5.29-4.58-5.29s-5,2.28-5,5.53v9H146Z\" style=\"\"><\/path><path d=\"M172.3,147.2h1.47v21.28H172.3Z\" style=\"\"><\/path><path d=\"M180.3,164.5V154.35h-2.09V153h2.09v-5h1.38v5h5.06v1.37h-5.06v10c0,2.22,1.19,3,2.88,3a4.59,4.59,0,0,0,2.12-.54v1.39a5,5,0,0,1-2.34.55C182.08,168.75,180.3,167.44,180.3,164.5Z\" style=\"\"><\/path><path d=\"M189.65,164v-.06c0-3.25,2.57-5,6.3-5a16.18,16.18,0,0,1,4.77.67v-.67c0-3.16-1.78-4.74-4.74-4.74a9,9,0,0,0-4.52,1.25l-.51-1.31a10.5,10.5,0,0,1,5.11-1.34,5.9,5.9,0,0,1,4.55,1.71,6.15,6.15,0,0,1,1.47,4.37v9.67h-1.36v-2.59a6.5,6.5,0,0,1-5.51,3C192.53,168.84,189.65,167.23,189.65,164Zm11.1-1.31v-1.76a18,18,0,0,0-4.89-.7c-3.05,0-4.74,1.43-4.74,3.62v.06c0,2.25,2,3.55,4.18,3.55C198.24,167.44,200.75,165.5,200.75,162.67Z\" style=\"\"><\/path><path d=\"M207.25,146.29h1.39v22.19h-1.39Z\" style=\"\"><\/path><path d=\"M225.36,153h1.53l-6.25,16c-1.27,3.26-2.74,4.41-4.8,4.41a6.13,6.13,0,0,1-2.85-.67l.48-1.3a4.69,4.69,0,0,0,2.46.57c1.52,0,2.48-.94,3.56-3.64L212.56,153h1.61l6,13.86Z\" style=\"\"><\/path><path d=\"M227.17,171c1.22-.7,1.67-1.31,1.58-2.49H228v-2.59h1.87v2.25a3.33,3.33,0,0,1-2.35,3.59Z\" style=\"\"><\/path><path d=\"M243.59,147.2H245l7.94,12.59,7.94-12.59h1.38v21.28h-1.47V150l-7.82,12.25h-.11L245,150v18.48h-1.41Z\" style=\"\"><\/path><path d=\"M266.62,164v-.06c0-3.25,2.57-5,6.3-5a16.18,16.18,0,0,1,4.77.67v-.67c0-3.16-1.78-4.74-4.75-4.74a9,9,0,0,0-4.52,1.25l-.5-1.31a10.47,10.47,0,0,1,5.11-1.34,5.92,5.92,0,0,1,4.55,1.71,6.15,6.15,0,0,1,1.47,4.37v9.67h-1.36v-2.59a6.5,6.5,0,0,1-5.51,3C269.5,168.84,266.62,167.23,266.62,164Zm11.1-1.31v-1.76a18.08,18.08,0,0,0-4.89-.7c-3.05,0-4.74,1.43-4.74,3.62v.06c0,2.25,2,3.55,4.18,3.55C275.2,167.44,277.72,165.5,277.72,162.67Z\" style=\"\"><\/path><path d=\"M283.09,160.79v-.06c0-5,3.53-8.12,7-8.12,2.88,0,4.71,1.77,5.93,3.71v-10h1.38v22.19H296V165c-1.27,2-3,3.83-5.93,3.83C286.62,168.84,283.09,165.83,283.09,160.79Zm13,0v-.06c0-4-2.85-6.66-5.87-6.66-3.17,0-5.65,2.49-5.65,6.63v.06c0,4.07,2.6,6.68,5.65,6.68S296.11,164.71,296.11,160.76Z\" style=\"\"><\/path><path d=\"M301.68,160.76v-.06c0-4.47,2.94-8.09,6.84-8.09s6.61,3.53,6.61,8.12a4,4,0,0,1,0,.61h-12c.23,3.86,2.85,6.1,5.65,6.1a6.27,6.27,0,0,0,4.94-2.43l1,.92a7.4,7.4,0,0,1-6,2.91C305,168.84,301.68,165.62,301.68,160.76Zm11.95-.76c-.22-3.13-1.86-6-5.17-6-2.85,0-5.08,2.58-5.31,6Z\" style=\"\"><\/path><path d=\"M327.68,146.9h1.72v2h-1.72Zm.17,6.08h1.38v15.5h-1.38Z\" style=\"\"><\/path><path d=\"M334.68,153h1.39v2.89a5.63,5.63,0,0,1,5.2-3.26c3.64,0,5.76,2.65,5.76,6.39v9.48h-1.39v-9.21c0-3.19-1.63-5.29-4.57-5.29s-5,2.28-5,5.53v9h-1.39Z\" style=\"\"><\/path><path d=\"M360.79,147.2h1.38l13.65,18.51V147.2h1.41v21.28h-1.1L362.2,149.57v18.91h-1.41Z\" style=\"\"><\/path><path d=\"M381.81,160.79v-.06c0-4.35,3.14-8.12,7.43-8.12s7.38,3.71,7.38,8.06v.06c0,4.34-3.14,8.11-7.43,8.11S381.81,165.13,381.81,160.79Zm13.31,0v-.06c0-3.77-2.6-6.72-5.93-6.72s-5.88,3-5.88,6.66v.06c0,3.77,2.6,6.71,5.93,6.71S395.12,164.44,395.12,160.79Z\" style=\"\"><\/path><path d=\"M400.88,153h1.39v4.4c1.16-2.79,3.5-4.74,6.38-4.65v1.65h-.14c-3.3,0-6.24,2.73-6.24,7.75v6.35h-1.39Z\" style=\"\"><\/path><path d=\"M413,164.5V154.35h-2.09V153H413v-5h1.38v5h5.06v1.37h-5.06v10c0,2.22,1.19,3,2.89,3a4.55,4.55,0,0,0,2.11-.54v1.39a5,5,0,0,1-2.34.55C414.73,168.75,413,167.44,413,164.5Z\" style=\"\"><\/path><path d=\"M423.49,146.29h1.38v9.58a5.63,5.63,0,0,1,5.2-3.26c3.65,0,5.77,2.65,5.77,6.39v9.48h-1.39v-9.21c0-3.19-1.64-5.29-4.58-5.29s-5,2.28-5,5.53v9h-1.38Z\" style=\"\"><\/path><path d=\"M457.11,147.05h1.41l9.21,21.43h-1.61l-2.51-6H451.94l-2.51,6H447.9Zm5.88,14-5.2-12.31-5.23,12.31Z\" style=\"\"><\/path><path d=\"M471.61,153H473v2.76a5.26,5.26,0,0,1,4.8-3.13,5.17,5.17,0,0,1,4.86,3.35,5.74,5.74,0,0,1,5.2-3.35c3.42,0,5.54,2.59,5.54,6.48v9.39H492v-9.21c0-3.37-1.59-5.29-4.27-5.29-2.43,0-4.55,2-4.55,5.47v9h-1.38v-9.3c0-3.25-1.61-5.2-4.21-5.2s-4.61,2.43-4.61,5.56v8.94h-1.38Z\" style=\"\"><\/path><path d=\"M497.38,160.76v-.06c0-4.47,2.93-8.09,6.83-8.09s6.61,3.53,6.61,8.12a6,6,0,0,1,0,.61H498.85c.22,3.86,2.85,6.1,5.65,6.1a6.27,6.27,0,0,0,4.94-2.43l1,.92a7.41,7.41,0,0,1-6,2.91C500.65,168.84,497.38,165.62,497.38,160.76Zm11.95-.76c-.23-3.13-1.87-6-5.17-6-2.86,0-5.09,2.58-5.31,6Z\" style=\"\"><\/path><path d=\"M514.87,153h1.38v4.4c1.16-2.79,3.5-4.74,6.39-4.65v1.65h-.15c-3.3,0-6.24,2.73-6.24,7.75v6.35h-1.38Z\" style=\"\"><\/path><path d=\"M526.2,146.9h1.72v2H526.2Zm.17,6.08h1.38v15.5h-1.38Z\" style=\"\"><\/path><path d=\"M532.22,160.79v-.06c0-4.35,3.19-8.12,7.34-8.12a7.27,7.27,0,0,1,5.76,2.86l-1,1.09c-1.25-1.36-2.66-2.55-4.81-2.55-3.27,0-5.82,2.92-5.82,6.66v.06c0,3.77,2.66,6.71,5.94,6.71a6.3,6.3,0,0,0,4.83-2.58l1,.91a7.27,7.27,0,0,1-5.88,3.07C535.41,168.84,532.22,165.13,532.22,160.79Z\" style=\"\"><\/path><path d=\"M548.15,164v-.06c0-3.25,2.57-5,6.3-5a16.25,16.25,0,0,1,4.78.67v-.67c0-3.16-1.78-4.74-4.75-4.74a9,9,0,0,0-4.52,1.25l-.51-1.31a10.5,10.5,0,0,1,5.11-1.34,5.9,5.9,0,0,1,4.55,1.71,6.15,6.15,0,0,1,1.47,4.37v9.67h-1.35v-2.59a6.5,6.5,0,0,1-5.51,3C551,168.84,548.15,167.23,548.15,164Zm11.1-1.31v-1.76a17.93,17.93,0,0,0-4.88-.7c-3,0-4.75,1.43-4.75,3.62v.06c0,2.25,2,3.55,4.18,3.55C556.74,167.44,559.25,165.5,559.25,162.67Z\" style=\"\"><\/path><\/svg>\t\t\t<\/div>\n\t\t<\/div>\n\t\t\t\t<\/div>\n\t\t\t\t<\/div>\n\t\t\t\t<\/div>\n\t\t<div class=\"elementor-element elementor-element-d882646 e-flex e-con-boxed e-con e-parent\" data-id=\"d882646\" data-element_type=\"container\" data-settings=\"{&quot;background_background&quot;:&quot;classic&quot;}\">\n\t\t\t\t\t<div class=\"e-con-inner\">\n\t\t\t\t<div class=\"elementor-element elementor-element-fca8d04 elementor-widget elementor-widget-text-editor\" data-id=\"fca8d04\" data-element_type=\"widget\" data-widget_type=\"text-editor.default\">\n\t\t\t\t<div class=\"elementor-widget-container\">\n\t\t\t<style>\/*! elementor - v3.23.0 - 05-08-2024 *\/\n.elementor-widget-text-editor.elementor-drop-cap-view-stacked .elementor-drop-cap{background-color:#69727d;color:#fff}.elementor-widget-text-editor.elementor-drop-cap-view-framed .elementor-drop-cap{color:#69727d;border:3px solid;background-color:transparent}.elementor-widget-text-editor:not(.elementor-drop-cap-view-default) .elementor-drop-cap{margin-top:8px}.elementor-widget-text-editor:not(.elementor-drop-cap-view-default) .elementor-drop-cap-letter{width:1em;height:1em}.elementor-widget-text-editor .elementor-drop-cap{float:left;text-align:center;line-height:1;font-size:50px}.elementor-widget-text-editor .elementor-drop-cap-letter{display:inline-block}<\/style>\t\t\t\t<h2><b>D\u00c9COUVREZ ARIETTA<\/b><\/h2>\t\t\t\t\t\t<\/div>\n\t\t\t\t<\/div>\n\t\t\t\t<div class=\"elementor-element elementor-element-6b63a29 elementor-widget elementor-widget-text-editor\" data-id=\"6b63a29\" data-element_type=\"widget\" data-widget_type=\"text-editor.default\">\n\t\t\t\t<div class=\"elementor-widget-container\">\n\t\t\t\t\t\t\t<p>Arietta Range Hoods est une marque produite par Elica, le leader mondial de la ventilation de cuisine. Bas\u00e9e \u00e0 Fabriano, en Italie, depuis 1970, Elica\/Arietta poss\u00e8de un riche h\u00e9ritage italien int\u00e9gr\u00e9 \u00e0 chaque produit. Arietta repr\u00e9sente le meilleur du Made in Italy : sa technologie, sa qualit\u00e9 et sa beaut\u00e9 \u2013 ses habitants, sa culture et ses r\u00eaves.<\/p><p>Arietta isn\u2019t just a brand: it\u2019s a symbol of the tangible and the intangible brought together, the metaphor for a style of life.<\/p>\t\t\t\t\t\t<\/div>\n\t\t\t\t<\/div>\n\t\t\t\t\t<\/div>\n\t\t\t\t<\/div>\n\t\t<div class=\"elementor-element elementor-element-1f46d1a e-flex e-con-boxed e-con e-parent\" data-id=\"1f46d1a\" data-element_type=\"container\" data-settings=\"{&quot;background_background&quot;:&quot;classic&quot;}\">\n\t\t\t\t\t<div class=\"e-con-inner\">\n\t\t\t\t<div class=\"elementor-element elementor-element-b31c27e noSpace elementor-widget elementor-widget-text-editor\" data-id=\"b31c27e\" data-element_type=\"widget\" data-widget_type=\"text-editor.default\">\n\t\t\t\t<div class=\"elementor-widget-container\">\n\t\t\t\t\t\t\t<h4><b>En savoir plus sur nos produits<\/b><\/h4>\t\t\t\t\t\t<\/div>\n\t\t\t\t<\/div>\n\t\t\t\t\t<\/div>\n\t\t\t\t<\/div>\n\t\t<div class=\"elementor-element elementor-element-2870500 e-con-full e-flex e-con e-parent\" data-id=\"2870500\" data-element_type=\"container\" data-settings=\"{&quot;background_background&quot;:&quot;classic&quot;}\">\n\t\t\t\t<div class=\"elementor-element elementor-element-4efb48e elementor-widget elementor-widget-html\" data-id=\"4efb48e\" data-element_type=\"widget\" data-widget_type=\"html.default\">\n\t\t\t\t<div class=\"elementor-widget-container\">\n\t\t\t<div class=\"brandsSlider\">\r\n  <div>\r\n  <div class=\"brslCont\" style=\"background-image: url('\/wp-content\/uploads\/ag_international-arietta-1.webp');\">\r\n      <div class=\"brslOver\"><p>GARDA<\/p><a href=\"https:\/\/ariettahoods.com\/insert-hoods\" class=\"brslButton\">En savoir plus<\/a><\/div>\r\n      <\/div>\r\n  <\/div>\r\n  \r\n  <div>\r\n    <div class=\"brslCont\" style=\"background-image: url('\/wp-content\/uploads\/ag_international-arietta-2.webp');\">\r\n      <div class=\"brslOver\"><p>DEKOR GLASS<\/p><a href=\"https:\/\/ariettahoods.com\/island-range-hood\/\" class=\"brslButton\">En savoir plus<\/a><\/div>\r\n    <\/div>\r\n  <\/div>\r\n  \r\n  <div>\r\n    <div class=\"brslCont\" style=\"background-image: url('\/wp-content\/uploads\/ag_international-arietta-3.webp');\">\r\n      <div class=\"brslOver\"><p>URBINO<\/p><a href=\"https:\/\/ariettahoods.com\/under-cabinet-hoods\/\" class=\"brslButton\">En savoir plus<\/a><\/div>\r\n    <\/div>\r\n  <\/div>\r\n  \r\n  <div>\r\n    <div class=\"brslCont\" style=\"background-image: url('\/wp-content\/uploads\/ag_international-arietta-4.webp');\">\r\n      <div class=\"brslOver\"><p>LESINA<\/p><a href=\"https:\/\/ariettahoods.com\/wall-mount-hoods\/\" class=\"brslButton\">En savoir plus<\/a><\/div>\r\n    <\/div>\r\n  <\/div>\r\n  \r\n  <div>\r\n   <div class=\"brslCont\" style=\"background-image: url('\/wp-content\/uploads\/ag_international-arietta-5.webp');\">\r\n      <div class=\"brslOver\"><p>LIVORNO<\/p><a href=\"https:\/\/ariettahoods.com\/wall-mount-hoods\/\" class=\"brslButton\">En savoir plus<\/a><\/div>\r\n    <\/div>\r\n  <\/div>\r\n  \r\n  <div>\r\n   <div class=\"brslCont\" style=\"background-image: url('\/wp-content\/uploads\/ag_international-arietta-6.webp');\">\r\n      <div class=\"brslOver\"><p>LAZIO<\/p><a href=\"https:\/\/ariettahoods.com\/wall-mount-hoods\/\" class=\"brslButton\">En savoir plus<\/a><\/div>\r\n    <\/div>\r\n  <\/div>\r\n  \r\n  <div>\r\n   <div class=\"brslCont\" style=\"background-image: url('\/wp-content\/uploads\/ag_international-arietta-7.webp');\">\r\n      <div class=\"brslOver\"><p>ARBS51PR1<\/p><a href=\"https:\/\/ariettahoods.com\/\" class=\"brslButton\">En savoir plus<\/a><\/div>\r\n    <\/div>\r\n  <\/div>\r\n  \r\n  <div>\r\n   <div class=\"brslCont\" style=\"background-image: url('\/wp-content\/uploads\/ag_international-arietta-8_1.webp');\">\r\n      <div class=\"brslOver\"><p>AURBS52PR1<\/p><a href=\"https:\/\/ariettahoods.com\/\" class=\"brslButton\">En savoir plus<\/a><\/div>\r\n    <\/div>\r\n  <\/div>\r\n\r\n<\/div>\t\t<\/div>\n\t\t\t\t<\/div>\n\t\t\t\t<\/div>\n\t\t<div class=\"elementor-element elementor-element-753697a e-flex e-con-boxed e-con e-parent\" data-id=\"753697a\" data-element_type=\"container\" data-settings=\"{&quot;background_background&quot;:&quot;classic&quot;}\">\n\t\t\t\t\t<div class=\"e-con-inner\">\n\t\t\t\t<div class=\"elementor-element elementor-element-98ce55f elementor-align-center elementor-widget elementor-widget-button\" data-id=\"98ce55f\" data-element_type=\"widget\" data-widget_type=\"button.default\">\n\t\t\t\t<div class=\"elementor-widget-container\">\n\t\t\t\t\t<div class=\"elementor-button-wrapper\">\n\t\t\t<a class=\"elementor-button elementor-button-link elementor-size-sm\" href=\"https:\/\/ariettahoods.com\" target=\"_blank\">\n\t\t\t\t\t\t<span class=\"elementor-button-content-wrapper\">\n\t\t\t\t\t\t\t\t\t<span class=\"elementor-button-text\">D\u00c9COUVREZ PLUS<\/span>\n\t\t\t\t\t<\/span>\n\t\t\t\t\t<\/a>\n\t\t<\/div>\n\t\t\t\t<\/div>\n\t\t\t\t<\/div>\n\t\t\t\t\t<\/div>\n\t\t\t\t<\/div>\n\t\t\t\t<\/div>","protected":false},"excerpt":{"rendered":"<p>DISCOVER ARIETTA Arietta Range Hoods is a brand produced by Elica, the worldwide leader in kitchen ventilation. Headquartered in Fabriano, Italy, since 1970, Elica\/Arietta has a rich Italian heritage designed into each product. Arietta represents the best Made-in-Italy has to offer: its technology, quality, and beauty \u2013 its people, culture, and dreams. Arietta isn\u2019t just [&hellip;]<\/p>","protected":false},"author":1,"featured_media":0,"parent":0,"menu_order":0,"comment_status":"closed","ping_status":"closed","template":"","meta":{"footnotes":""},"class_list":["post-134","page","type-page","status-publish","hentry"],"yoast_head":"<!-- This site is optimized with the Yoast SEO plugin v23.4 - https:\/\/yoast.com\/wordpress\/plugins\/seo\/ -->\n<title>Arietta - AG International<\/title>\n<meta name=\"robots\" content=\"index, follow, max-snippet:-1, max-image-preview:large, max-video-preview:-1\" \/>\n<link rel=\"canonical\" href=\"https:\/\/aginternational.ca\/fr\/arietta\/\" \/>\n<meta property=\"og:locale\" content=\"fr_FR\" \/>\n<meta property=\"og:type\" content=\"article\" \/>\n<meta property=\"og:title\" content=\"Arietta - AG International\" \/>\n<meta property=\"og:description\" content=\"DISCOVER ARIETTA Arietta Range Hoods is a brand produced by Elica, the worldwide leader in kitchen ventilation. Headquartered in Fabriano, Italy, since 1970, Elica\/Arietta has a rich Italian heritage designed into each product. Arietta represents the best Made-in-Italy has to offer: its technology, quality, and beauty \u2013 its people, culture, and dreams. Arietta isn\u2019t just [&hellip;]\" \/>\n<meta property=\"og:url\" content=\"https:\/\/aginternational.ca\/fr\/arietta\/\" \/>\n<meta property=\"og:site_name\" content=\"AG International\" \/>\n<meta property=\"article:publisher\" content=\"https:\/\/www.facebook.com\/distributeuraginternational\/\" \/>\n<meta property=\"article:modified_time\" content=\"2024-09-10T16:13:56+00:00\" \/>\n<meta property=\"og:image\" content=\"https:\/\/aginternational.ca\/wp-content\/uploads\/AG_OGP.jpg\" \/>\n\t<meta property=\"og:image:width\" content=\"1200\" \/>\n\t<meta property=\"og:image:height\" content=\"1200\" \/>\n\t<meta property=\"og:image:type\" content=\"image\/jpeg\" \/>\n<meta name=\"twitter:card\" content=\"summary_large_image\" \/>\n<meta name=\"twitter:label1\" content=\"Dur\u00e9e de lecture estim\u00e9e\" \/>\n\t<meta name=\"twitter:data1\" content=\"1 minute\" \/>\n<script type=\"application\/ld+json\" class=\"yoast-schema-graph\">{\"@context\":\"https:\/\/schema.org\",\"@graph\":[{\"@type\":\"WebPage\",\"@id\":\"https:\/\/aginternational.ca\/arietta\/\",\"url\":\"https:\/\/aginternational.ca\/arietta\/\",\"name\":\"Arietta - AG International\",\"isPartOf\":{\"@id\":\"https:\/\/aginternational.ca\/#website\"},\"datePublished\":\"2024-08-31T18:30:15+00:00\",\"dateModified\":\"2024-09-10T16:13:56+00:00\",\"breadcrumb\":{\"@id\":\"https:\/\/aginternational.ca\/arietta\/#breadcrumb\"},\"inLanguage\":\"fr-FR\",\"potentialAction\":[{\"@type\":\"ReadAction\",\"target\":[\"https:\/\/aginternational.ca\/arietta\/\"]}]},{\"@type\":\"BreadcrumbList\",\"@id\":\"https:\/\/aginternational.ca\/arietta\/#breadcrumb\",\"itemListElement\":[{\"@type\":\"ListItem\",\"position\":1,\"name\":\"Home\",\"item\":\"https:\/\/aginternational.ca\/\"},{\"@type\":\"ListItem\",\"position\":2,\"name\":\"Arietta\"}]},{\"@type\":\"WebSite\",\"@id\":\"https:\/\/aginternational.ca\/#website\",\"url\":\"https:\/\/aginternational.ca\/\",\"name\":\"AG International\",\"description\":\"Premium products that elevate your space\",\"publisher\":{\"@id\":\"https:\/\/aginternational.ca\/#organization\"},\"alternateName\":\"AG International\",\"potentialAction\":[{\"@type\":\"SearchAction\",\"target\":{\"@type\":\"EntryPoint\",\"urlTemplate\":\"https:\/\/aginternational.ca\/?s={search_term_string}\"},\"query-input\":{\"@type\":\"PropertyValueSpecification\",\"valueRequired\":true,\"valueName\":\"search_term_string\"}}],\"inLanguage\":\"fr-FR\"},{\"@type\":\"Organization\",\"@id\":\"https:\/\/aginternational.ca\/#organization\",\"name\":\"AG International\",\"alternateName\":\"AG International\",\"url\":\"https:\/\/aginternational.ca\/\",\"logo\":{\"@type\":\"ImageObject\",\"inLanguage\":\"fr-FR\",\"@id\":\"https:\/\/aginternational.ca\/#\/schema\/logo\/image\/\",\"url\":\"https:\/\/aginternational.ca\/wp-content\/uploads\/AG_OGP.jpg\",\"contentUrl\":\"https:\/\/aginternational.ca\/wp-content\/uploads\/AG_OGP.jpg\",\"width\":1200,\"height\":1200,\"caption\":\"AG International\"},\"image\":{\"@id\":\"https:\/\/aginternational.ca\/#\/schema\/logo\/image\/\"},\"sameAs\":[\"https:\/\/www.facebook.com\/distributeuraginternational\/\",\"https:\/\/www.linkedin.com\/company\/ag-international-ca\/\",\"https:\/\/www.instagram.com\/aginternationalelectros\/\"]}]}<\/script>\n<!-- \/ Yoast SEO plugin. -->","yoast_head_json":{"title":"Arietta - AG International","robots":{"index":"index","follow":"follow","max-snippet":"max-snippet:-1","max-image-preview":"max-image-preview:large","max-video-preview":"max-video-preview:-1"},"canonical":"https:\/\/aginternational.ca\/fr\/arietta\/","og_locale":"fr_FR","og_type":"article","og_title":"Arietta - AG International","og_description":"DISCOVER ARIETTA Arietta Range Hoods is a brand produced by Elica, the worldwide leader in kitchen ventilation. Headquartered in Fabriano, Italy, since 1970, Elica\/Arietta has a rich Italian heritage designed into each product. Arietta represents the best Made-in-Italy has to offer: its technology, quality, and beauty \u2013 its people, culture, and dreams. Arietta isn\u2019t just [&hellip;]","og_url":"https:\/\/aginternational.ca\/fr\/arietta\/","og_site_name":"AG International","article_publisher":"https:\/\/www.facebook.com\/distributeuraginternational\/","article_modified_time":"2024-09-10T16:13:56+00:00","og_image":[{"width":1200,"height":1200,"url":"https:\/\/aginternational.ca\/wp-content\/uploads\/AG_OGP.jpg","type":"image\/jpeg"}],"twitter_card":"summary_large_image","twitter_misc":{"Dur\u00e9e de lecture estim\u00e9e":"1 minute"},"schema":{"@context":"https:\/\/schema.org","@graph":[{"@type":"WebPage","@id":"https:\/\/aginternational.ca\/arietta\/","url":"https:\/\/aginternational.ca\/arietta\/","name":"Arietta - AG International","isPartOf":{"@id":"https:\/\/aginternational.ca\/#website"},"datePublished":"2024-08-31T18:30:15+00:00","dateModified":"2024-09-10T16:13:56+00:00","breadcrumb":{"@id":"https:\/\/aginternational.ca\/arietta\/#breadcrumb"},"inLanguage":"fr-FR","potentialAction":[{"@type":"ReadAction","target":["https:\/\/aginternational.ca\/arietta\/"]}]},{"@type":"BreadcrumbList","@id":"https:\/\/aginternational.ca\/arietta\/#breadcrumb","itemListElement":[{"@type":"ListItem","position":1,"name":"Home","item":"https:\/\/aginternational.ca\/"},{"@type":"ListItem","position":2,"name":"Arietta"}]},{"@type":"WebSite","@id":"https:\/\/aginternational.ca\/#website","url":"https:\/\/aginternational.ca\/","name":"AG International","description":"Premium products that elevate your space","publisher":{"@id":"https:\/\/aginternational.ca\/#organization"},"alternateName":"AG International","potentialAction":[{"@type":"SearchAction","target":{"@type":"EntryPoint","urlTemplate":"https:\/\/aginternational.ca\/?s={search_term_string}"},"query-input":{"@type":"PropertyValueSpecification","valueRequired":true,"valueName":"search_term_string"}}],"inLanguage":"fr-FR"},{"@type":"Organization","@id":"https:\/\/aginternational.ca\/#organization","name":"AG International","alternateName":"AG International","url":"https:\/\/aginternational.ca\/","logo":{"@type":"ImageObject","inLanguage":"fr-FR","@id":"https:\/\/aginternational.ca\/#\/schema\/logo\/image\/","url":"https:\/\/aginternational.ca\/wp-content\/uploads\/AG_OGP.jpg","contentUrl":"https:\/\/aginternational.ca\/wp-content\/uploads\/AG_OGP.jpg","width":1200,"height":1200,"caption":"AG International"},"image":{"@id":"https:\/\/aginternational.ca\/#\/schema\/logo\/image\/"},"sameAs":["https:\/\/www.facebook.com\/distributeuraginternational\/","https:\/\/www.linkedin.com\/company\/ag-international-ca\/","https:\/\/www.instagram.com\/aginternationalelectros\/"]}]}},"_links":{"self":[{"href":"https:\/\/aginternational.ca\/fr\/wp-json\/wp\/v2\/pages\/134"}],"collection":[{"href":"https:\/\/aginternational.ca\/fr\/wp-json\/wp\/v2\/pages"}],"about":[{"href":"https:\/\/aginternational.ca\/fr\/wp-json\/wp\/v2\/types\/page"}],"author":[{"embeddable":true,"href":"https:\/\/aginternational.ca\/fr\/wp-json\/wp\/v2\/users\/1"}],"replies":[{"embeddable":true,"href":"https:\/\/aginternational.ca\/fr\/wp-json\/wp\/v2\/comments?post=134"}],"version-history":[{"count":130,"href":"https:\/\/aginternational.ca\/fr\/wp-json\/wp\/v2\/pages\/134\/revisions"}],"predecessor-version":[{"id":1578,"href":"https:\/\/aginternational.ca\/fr\/wp-json\/wp\/v2\/pages\/134\/revisions\/1578"}],"wp:attachment":[{"href":"https:\/\/aginternational.ca\/fr\/wp-json\/wp\/v2\/media?parent=134"}],"curies":[{"name":"wp","href":"https:\/\/api.w.org\/{rel}","templated":true}]}}