{"id":274,"date":"2024-09-02T11:07:37","date_gmt":"2024-09-02T16:07:37","guid":{"rendered":"https:\/\/aginternational.ca\/?page_id=274"},"modified":"2024-09-10T11:13:33","modified_gmt":"2024-09-10T16:13:33","slug":"kobe","status":"publish","type":"page","link":"https:\/\/aginternational.ca\/fr\/kobe\/","title":{"rendered":"Kobe"},"content":{"rendered":"<div data-elementor-type=\"wp-page\" data-elementor-id=\"274\" class=\"elementor elementor-274\">\n\t\t\t\t<div class=\"elementor-element elementor-element-ba377ff e-con-full e-flex e-con e-parent\" data-id=\"ba377ff\" data-element_type=\"container\" data-settings=\"{&quot;background_background&quot;:&quot;classic&quot;}\">\n\t\t\t\t<div class=\"elementor-element elementor-element-d776d0c elementor-view-default elementor-widget elementor-widget-icon\" data-id=\"d776d0c\" data-element_type=\"widget\" data-widget_type=\"icon.default\">\n\t\t\t\t<div class=\"elementor-widget-container\">\n\t\t\t\t\t<div class=\"elementor-icon-wrapper\">\n\t\t\t<div class=\"elementor-icon\">\n\t\t\t<svg xmlns=\"http:\/\/www.w3.org\/2000\/svg\" width=\"122.36\" height=\"41.89\" viewbox=\"0 0 122.36 41.89\"><path d=\"M27.78,20.91C27.71,11.57,32.21,4.26,40,1.16c1.28-.51,3.22-2,4,.13.74,1.93-1.62,1.86-2.79,2.36-7.17,3.11-11.07,9.62-10.77,18.08.28,7.81,4.46,14,11,16.32C51.14,41.47,61,35.16,62.88,24.29c1.53-8.64-2.6-17.4-9.51-20.17C49.6,2.61,48.6,3.13,48.25,7c-.24,2.8-2,4.23-4.23,5.56a9.47,9.47,0,0,0-3.58,13.05c2.8,5.19,9.06,5.5,12.37.62A9.62,9.62,0,0,0,51,13.38c-.9-.74-2.81-1.27-1.48-2.82,1.11-1.29,2.42,0,3.42.69,5.07,3.68,5.86,12.2,1.66,17.37-3.78,4.66-9.81,5.35-14.12,1.6-5-4.36-5.52-13-1-17.76a12.1,12.1,0,0,1,3.09-2.32,4.53,4.53,0,0,0,2.75-4.58c0-3.85,2.24-5.46,6.12-4.9a12.29,12.29,0,0,1,5.43,2C65,8.38,67,16.39,65.54,25.56A19.41,19.41,0,0,1,50.4,41.42c-11.29,2.62-21.83-6-22.62-18.58,0-.64,0-1.29,0-1.93\"><\/path><path d=\"M0,20.88C0,16.1,0,11.33,0,6.56,0,3.76.83,1.35,3.71.4A5.57,5.57,0,0,1,9.87,1.66c2.11,2.26,1.56,5,1.3,7.72a1.24,1.24,0,0,1-1.41,1.07A1.29,1.29,0,0,1,8.5,9.23a24.53,24.53,0,0,1-.08-3.09C8.5,4.36,8,3.06,5.93,3S3,4.14,3,6.16c0,6.32,0,12.64,0,19,0,3.35,0,6.71,0,10.06,0,1.85.35,3.53,2.58,3.57,2.39,0,3-1.63,2.92-3.68,0-.77.09-1.56,0-2.32C7,22.17,10.46,13,16.48,4.48,19.3.48,22.4-.94,25.5,1s3.53,5.32,1,9.45c-7.45,12.29-7.89,8.19.52,20.63,1.3,1.92,2.9,3.82,2.23,6.35A5.43,5.43,0,0,1,25,41.49a6,6,0,0,1-6.59-2.3c-2-2.71-3.65-5.64-5.45-8.47-.58-.92-1.14-1.9.19-2.61,1.11-.59,1.69.32,2.18,1.06,1.56,2.38,3.08,4.78,4.59,7.19,1.33,2.12,3.09,3.43,5.46,1.8s.66-3.4-.39-5c-1.64-2.48-3.29-4.95-5.06-7.34-2.45-3.32-2.58-6.58-.24-10C21.44,13.27,23,10.62,24.73,8c1.06-1.64,1.11-3.27-.59-4.41s-3.37-.38-4.34,1.19C15.36,12,10,18.91,11.33,28.24a34.94,34.94,0,0,1-.07,8.11,5.53,5.53,0,0,1-6,5.32C1.87,41.32.11,39.26.05,36c-.08-5,0-10.06,0-15.09Z\"><\/path><path d=\"M83.61,17.22a10,10,0,0,0,1.86.56c7.67.51,10.28,5.36,10.06,12.48-.19,6.42-4,10.46-11.07,11.2a79.69,79.69,0,0,1-10.93.21c-3.22-.11-5.16-2-5.17-5.17q-.08-15.85.16-31.72c0-3,1.87-4.72,5-4.72S79.83-.06,83,.13c7.66.48,12.58,9.49,8.93,16.21-.38.7-.91,1.44-1.76,1.24-1.09-.24-1.22-1.14-1-2.15a21.19,21.19,0,0,0,.6-3.41c.32-6.1-2.21-9.07-8.32-9.14-12.12-.13-10.07-1.34-10.23,9.48-.11,7.48.06,15-.09,22.43-.06,3,1,4.29,4.11,4,3.62-.3,7.3.47,10.89-.53,4.68-1.3,6.83-4.22,6.7-9.11-.14-5.44-1.8-7.43-7.06-8.5-5.66-1.14-5.65-1.14-3.89-6.51.32-1,.58-2.07-.39-2.85a1.55,1.55,0,0,0-1.38-.23c-.84.62-.48,1.65-.49,2.5,0,4.9-.07,9.8,0,14.7,0,1-.63,2.56,1.24,2.7,1.33.09,2.73-.21,3.3-1.58a2.53,2.53,0,0,0-1-3.38c-1-.63-3.68-.37-2.36-2.4s3.42-.56,4.72.58a5.19,5.19,0,0,1,1.15,6.71c-1.48,2.82-4.25,3.23-7.1,2.77-2.68-.43-2.91-2.54-2.9-4.73q0-7.74,0-15.48c0-2.1-.12-4.29,2.23-5.32a4,4,0,0,1,4.67,1,5.22,5.22,0,0,1,1,6.09c-.25.58-.51,1.14-.88,2\"><\/path><path d=\"M116.15,30.28c-2.27-.14-4.63.68-6.79-.57-.07-.19-.12-.38-.17-.57a21.77,21.77,0,0,1-.18-9.63c.47-3.07,3.61-1.3,5.54-1.5a2.76,2.76,0,0,1,3.24,3c-.09,2-1.71,2.48-3.63,2.61-1.59.11-4.3-1.28-4.2,2.19,1.49,1.21,3.26.63,4.89.62,3.36,0,5.4-1.85,5.72-5.14s-1.74-5.35-4.79-6.13c-7.12-1.82-9.66.17-9.66,7.33,0,.51,0,1,0,1.54.12,7.64-2,9.49,9.15,9.16.39,0,.78,0,1.17,0,1.86,0,3,1,3,2.83s-1.24,2.75-3.07,2.76c-4.17,0-8.34,0-12.51,0-2,0-3.21-.93-3.21-3,0-10,0-20.11,0-30.16,0-1.76.83-2.68,2.56-2.7q6.65-.07,13.29,0c1.78,0,3.07.81,3,2.79a2.81,2.81,0,0,1-3,2.87c-2.21.07-4.43,0-6.64.05a3.32,3.32,0,0,0-3.57,2.9c-.17.89-.25,1.92.72,2.41s1.72-.16,2-1.14c.4-1.65,1.73-1.28,2.83-1.32,1.69-.06,3.4.08,5.08-.08,3.42-.32,5.56-2.65,5.54-5.84S120.24.2,116.62.12c-4.43-.1-8.86-.09-13.29,0C99.59.2,97.8,1.86,97.76,5.6q-.18,15.08-.06,30.16c0,3.74,2,5.78,5.78,5.91,4.29.16,8.6.15,12.9,0,3.84-.16,5.94-2.39,5.86-5.82s-2.23-5.33-6.09-5.56\"><\/path><\/svg>\t\t\t<\/div>\n\t\t<\/div>\n\t\t\t\t<\/div>\n\t\t\t\t<\/div>\n\t\t\t\t<\/div>\n\t\t<div class=\"elementor-element elementor-element-0b53f31 e-flex e-con-boxed e-con e-parent\" data-id=\"0b53f31\" data-element_type=\"container\" data-settings=\"{&quot;background_background&quot;:&quot;classic&quot;}\">\n\t\t\t\t\t<div class=\"e-con-inner\">\n\t\t\t\t<div class=\"elementor-element elementor-element-9c907c6 elementor-widget elementor-widget-text-editor\" data-id=\"9c907c6\" data-element_type=\"widget\" data-widget_type=\"text-editor.default\">\n\t\t\t\t<div class=\"elementor-widget-container\">\n\t\t\t<style>\/*! elementor - v3.23.0 - 05-08-2024 *\/\n.elementor-widget-text-editor.elementor-drop-cap-view-stacked .elementor-drop-cap{background-color:#69727d;color:#fff}.elementor-widget-text-editor.elementor-drop-cap-view-framed .elementor-drop-cap{color:#69727d;border:3px solid;background-color:transparent}.elementor-widget-text-editor:not(.elementor-drop-cap-view-default) .elementor-drop-cap{margin-top:8px}.elementor-widget-text-editor:not(.elementor-drop-cap-view-default) .elementor-drop-cap-letter{width:1em;height:1em}.elementor-widget-text-editor .elementor-drop-cap{float:left;text-align:center;line-height:1;font-size:50px}.elementor-widget-text-editor .elementor-drop-cap-letter{display:inline-block}<\/style>\t\t\t\t<h2><b>D\u00c9COUVREZ KOBE<\/b><\/h2>\t\t\t\t\t\t<\/div>\n\t\t\t\t<\/div>\n\t\t\t\t<div class=\"elementor-element elementor-element-52c29d8 elementor-widget elementor-widget-text-editor\" data-id=\"52c29d8\" data-element_type=\"widget\" data-widget_type=\"text-editor.default\">\n\t\t\t\t<div class=\"elementor-widget-container\">\n\t\t\t\t\t\t\t<p>KOBE Range Hoods, leader dans le secteur de la ventilation silencieuse des cuisines, est bas\u00e9 \u00e0 Arcadia, en Californie. Cr\u00e9\u00e9e en 1998, l'entreprise se consacre \u00e0 fournir des produits et services de haute qualit\u00e9. Les produits de ventilation de cuisine de KOBE sont con\u00e7us par Tosho &amp; Company, Ltd., sa soci\u00e9t\u00e9 m\u00e8re au Japon.\u00a0<\/p><p>Tosho &amp; Company, Ltd. vend des produits de qualit\u00e9 dans tout le Japon et dans le monde depuis pr\u00e8s de 50 ans. KOBE Range Hoods propose des produits de ventilation de cuisine de qualit\u00e9 sup\u00e9rieure aux \u00c9tats-Unis et au Canada. Nos objectifs sont de concevoir des produits aux styles innovants, d\u2019utiliser une technologie pionni\u00e8re \u00e0 un prix attractif et de servir nos clients selon les normes les plus \u00e9lev\u00e9es. La devise de Kobe est \u00ab Si silencieux\u2026 Vous n\u2019allez pas croire que c\u2019est allum\u00e9 !<\/p>\t\t\t\t\t\t<\/div>\n\t\t\t\t<\/div>\n\t\t\t\t\t<\/div>\n\t\t\t\t<\/div>\n\t\t<div class=\"elementor-element elementor-element-8b98e80 e-flex e-con-boxed e-con e-parent\" data-id=\"8b98e80\" data-element_type=\"container\" data-settings=\"{&quot;background_background&quot;:&quot;classic&quot;}\">\n\t\t\t\t\t<div class=\"e-con-inner\">\n\t\t\t\t<div class=\"elementor-element elementor-element-640b6ff noSpace elementor-widget elementor-widget-text-editor\" data-id=\"640b6ff\" data-element_type=\"widget\" data-widget_type=\"text-editor.default\">\n\t\t\t\t<div class=\"elementor-widget-container\">\n\t\t\t\t\t\t\t<h4><b>En savoir plus sur nos produits<\/b><\/h4>\t\t\t\t\t\t<\/div>\n\t\t\t\t<\/div>\n\t\t\t\t\t<\/div>\n\t\t\t\t<\/div>\n\t\t<div class=\"elementor-element elementor-element-831c6c8 e-con-full e-flex e-con e-parent\" data-id=\"831c6c8\" data-element_type=\"container\" data-settings=\"{&quot;background_background&quot;:&quot;classic&quot;}\">\n\t\t\t\t<div class=\"elementor-element elementor-element-046c8e2 elementor-widget elementor-widget-html\" data-id=\"046c8e2\" data-element_type=\"widget\" data-widget_type=\"html.default\">\n\t\t\t\t<div class=\"elementor-widget-container\">\n\t\t\t<div class=\"brandsSlider brslKobe\">\r\n  <div>\r\n  <div class=\"brslCont\" style=\"background-image: url('\/wp-content\/uploads\/ag_international-kobe-1.webp');\">\r\n      <div class=\"brslOver\"><p>BRILLIA CHX22 SQB-1 SERIES <\/p><a href=\"https:\/\/www.koberangehoods.com\/products\/full-catalog\/?filters=collection[1214]\" class=\"brslButton\">En savoir plus<\/a><\/div>\r\n      <\/div>\r\n  <\/div>\r\n  \r\n  <div>\r\n    <div class=\"brslCont\" style=\"background-image: url('\/wp-content\/uploads\/ag_international-kobe-2.webp');\">\r\n      <div class=\"brslOver\"><p>PREMIUM RA92 SQB6-XX SERIES<\/p><a href=\"https:\/\/www.koberangehoods.com\/products\/full-catalog\/?filters=collection[1212]\" class=\"brslButton\">En savoir plus<\/a><\/div>\r\n    <\/div>\r\n  <\/div>\r\n  \r\n  <div>\r\n    <div class=\"brslCont\" style=\"background-image: url('\/wp-content\/uploads\/ag_international-kobe-3.webp');\">\r\n      <div class=\"brslOver\"><p>BRILLIA ISX24 SQB-2<\/p><a href=\"https:\/\/www.koberangehoods.com\/products\/full-catalog\/?filters=collection[1214]\" class=\"brslButton\">En savoir plus<\/a><\/div>\r\n    <\/div>\r\n  <\/div>\r\n  \r\n  <div>\r\n    <div class=\"brslCont\" style=\"background-image: url('\/wp-content\/uploads\/ag_international-kobe-4.webp');\">\r\n      <div class=\"brslOver\"><p>PREMIUM IN2630SQB-700-2<\/p><a href=\"https:\/\/www.koberangehoods.com\/products\/full-catalog\/?filters=collection[1212]\" class=\"brslButton\">En savoir plus<\/a><\/div>\r\n    <\/div>\r\n  <\/div>\r\n  \r\n  <div>\r\n    <div class=\"brslCont\" style=\"background-image: url('\/wp-content\/uploads\/ag_international-kobe-5.webp');\">\r\n      <div class=\"brslOver\"><p>BRILLIA RAX21 SQB-WM-2 SERIES<\/p><a href=\"https:\/\/www.koberangehoods.com\/products\/full-catalog\/?filters=collection[1214]\" class=\"brslButton\">En savoir plus<\/a><\/div>\r\n    <\/div>\r\n  <\/div>\r\n  \r\n  <div>\r\n    <div class=\"brslCont\" style=\"background-image: url('\/wp-content\/uploads\/ag_international-kobe-4.webp');\">\r\n      <div class=\"brslOver\"><p>PREMIUM IN2636SQB-700-2<\/p><a href=\"https:\/\/www.koberangehoods.com\/products\/full-catalog\/?filters=collection[1212]\" class=\"brslButton\">En savoir plus<\/a><\/div>\r\n    <\/div>\r\n  <\/div>\r\n  \r\n  <div>\r\n    <div class=\"brslCont\" style=\"background-image: url('\/wp-content\/uploads\/ag_international-kobe-7.webp');\">\r\n      <div class=\"brslOver\"><p>BRILLIA CHX91 SQB-2 SERIES<\/p><a href=\"https:\/\/www.koberangehoods.com\/products\/full-catalog\/?filters=collection[1214]\" class=\"brslButton\">En savoir plus<\/a><\/div>\r\n    <\/div>\r\n  <\/div>\r\n  \r\n  \r\n  \r\n\r\n\r\n<\/div>\t\t<\/div>\n\t\t\t\t<\/div>\n\t\t\t\t<\/div>\n\t\t<div class=\"elementor-element elementor-element-4c71d53 e-flex e-con-boxed e-con e-parent\" data-id=\"4c71d53\" data-element_type=\"container\" data-settings=\"{&quot;background_background&quot;:&quot;classic&quot;}\">\n\t\t\t\t\t<div class=\"e-con-inner\">\n\t\t\t\t<div class=\"elementor-element elementor-element-fa50be3 elementor-align-center elementor-widget elementor-widget-button\" data-id=\"fa50be3\" data-element_type=\"widget\" data-widget_type=\"button.default\">\n\t\t\t\t<div class=\"elementor-widget-container\">\n\t\t\t\t\t<div class=\"elementor-button-wrapper\">\n\t\t\t<a class=\"elementor-button elementor-button-link elementor-size-sm\" href=\"https:\/\/www.koberangehoods.com\" target=\"_blank\">\n\t\t\t\t\t\t<span class=\"elementor-button-content-wrapper\">\n\t\t\t\t\t\t\t\t\t<span class=\"elementor-button-text\">D\u00c9COUVREZ PLUS<\/span>\n\t\t\t\t\t<\/span>\n\t\t\t\t\t<\/a>\n\t\t<\/div>\n\t\t\t\t<\/div>\n\t\t\t\t<\/div>\n\t\t\t\t\t<\/div>\n\t\t\t\t<\/div>\n\t\t\t\t<\/div>","protected":false},"excerpt":{"rendered":"<p>DISCOVER KOBE KOBE Range Hoods, a leader in the quiet kitchen ventilation industry, is based in Arcadia, California. Established in 1998, the company is dedicated to providing high-quality products and services. KOBE&#8217;s kitchen ventilation products are designed by Tosho &amp; Company, Ltd., its parent company in Japan.\u00a0 Tosho &amp; Company, Ltd. has been in the [&hellip;]<\/p>","protected":false},"author":1,"featured_media":0,"parent":0,"menu_order":0,"comment_status":"closed","ping_status":"closed","template":"","meta":{"footnotes":""},"class_list":["post-274","page","type-page","status-publish","hentry"],"yoast_head":"<!-- This site is optimized with the Yoast SEO plugin v23.4 - https:\/\/yoast.com\/wordpress\/plugins\/seo\/ -->\n<title>Kobe - AG International<\/title>\n<meta name=\"robots\" content=\"index, follow, max-snippet:-1, max-image-preview:large, max-video-preview:-1\" \/>\n<link rel=\"canonical\" href=\"https:\/\/aginternational.ca\/fr\/kobe\/\" \/>\n<meta property=\"og:locale\" content=\"fr_FR\" \/>\n<meta property=\"og:type\" content=\"article\" \/>\n<meta property=\"og:title\" content=\"Kobe - AG International\" \/>\n<meta property=\"og:description\" content=\"DISCOVER KOBE KOBE Range Hoods, a leader in the quiet kitchen ventilation industry, is based in Arcadia, California. Established in 1998, the company is dedicated to providing high-quality products and services. KOBE&#8217;s kitchen ventilation products are designed by Tosho &amp; Company, Ltd., its parent company in Japan.\u00a0 Tosho &amp; Company, Ltd. has been in the [&hellip;]\" \/>\n<meta property=\"og:url\" content=\"https:\/\/aginternational.ca\/fr\/kobe\/\" \/>\n<meta property=\"og:site_name\" content=\"AG International\" \/>\n<meta property=\"article:publisher\" content=\"https:\/\/www.facebook.com\/distributeuraginternational\/\" \/>\n<meta property=\"article:modified_time\" content=\"2024-09-10T16:13:33+00:00\" \/>\n<meta property=\"og:image\" content=\"https:\/\/aginternational.ca\/wp-content\/uploads\/AG_OGP.jpg\" \/>\n\t<meta property=\"og:image:width\" content=\"1200\" \/>\n\t<meta property=\"og:image:height\" content=\"1200\" \/>\n\t<meta property=\"og:image:type\" content=\"image\/jpeg\" \/>\n<meta name=\"twitter:card\" content=\"summary_large_image\" \/>\n<meta name=\"twitter:label1\" content=\"Dur\u00e9e de lecture estim\u00e9e\" \/>\n\t<meta name=\"twitter:data1\" content=\"1 minute\" \/>\n<script type=\"application\/ld+json\" class=\"yoast-schema-graph\">{\"@context\":\"https:\/\/schema.org\",\"@graph\":[{\"@type\":\"WebPage\",\"@id\":\"https:\/\/aginternational.ca\/kobe\/\",\"url\":\"https:\/\/aginternational.ca\/kobe\/\",\"name\":\"Kobe - AG International\",\"isPartOf\":{\"@id\":\"https:\/\/aginternational.ca\/#website\"},\"datePublished\":\"2024-09-02T16:07:37+00:00\",\"dateModified\":\"2024-09-10T16:13:33+00:00\",\"breadcrumb\":{\"@id\":\"https:\/\/aginternational.ca\/kobe\/#breadcrumb\"},\"inLanguage\":\"fr-FR\",\"potentialAction\":[{\"@type\":\"ReadAction\",\"target\":[\"https:\/\/aginternational.ca\/kobe\/\"]}]},{\"@type\":\"BreadcrumbList\",\"@id\":\"https:\/\/aginternational.ca\/kobe\/#breadcrumb\",\"itemListElement\":[{\"@type\":\"ListItem\",\"position\":1,\"name\":\"Home\",\"item\":\"https:\/\/aginternational.ca\/\"},{\"@type\":\"ListItem\",\"position\":2,\"name\":\"Kobe\"}]},{\"@type\":\"WebSite\",\"@id\":\"https:\/\/aginternational.ca\/#website\",\"url\":\"https:\/\/aginternational.ca\/\",\"name\":\"AG International\",\"description\":\"Premium products that elevate your space\",\"publisher\":{\"@id\":\"https:\/\/aginternational.ca\/#organization\"},\"alternateName\":\"AG International\",\"potentialAction\":[{\"@type\":\"SearchAction\",\"target\":{\"@type\":\"EntryPoint\",\"urlTemplate\":\"https:\/\/aginternational.ca\/?s={search_term_string}\"},\"query-input\":{\"@type\":\"PropertyValueSpecification\",\"valueRequired\":true,\"valueName\":\"search_term_string\"}}],\"inLanguage\":\"fr-FR\"},{\"@type\":\"Organization\",\"@id\":\"https:\/\/aginternational.ca\/#organization\",\"name\":\"AG International\",\"alternateName\":\"AG International\",\"url\":\"https:\/\/aginternational.ca\/\",\"logo\":{\"@type\":\"ImageObject\",\"inLanguage\":\"fr-FR\",\"@id\":\"https:\/\/aginternational.ca\/#\/schema\/logo\/image\/\",\"url\":\"https:\/\/aginternational.ca\/wp-content\/uploads\/AG_OGP.jpg\",\"contentUrl\":\"https:\/\/aginternational.ca\/wp-content\/uploads\/AG_OGP.jpg\",\"width\":1200,\"height\":1200,\"caption\":\"AG International\"},\"image\":{\"@id\":\"https:\/\/aginternational.ca\/#\/schema\/logo\/image\/\"},\"sameAs\":[\"https:\/\/www.facebook.com\/distributeuraginternational\/\",\"https:\/\/www.linkedin.com\/company\/ag-international-ca\/\",\"https:\/\/www.instagram.com\/aginternationalelectros\/\"]}]}<\/script>\n<!-- \/ Yoast SEO plugin. -->","yoast_head_json":{"title":"Kobe - AG International","robots":{"index":"index","follow":"follow","max-snippet":"max-snippet:-1","max-image-preview":"max-image-preview:large","max-video-preview":"max-video-preview:-1"},"canonical":"https:\/\/aginternational.ca\/fr\/kobe\/","og_locale":"fr_FR","og_type":"article","og_title":"Kobe - AG International","og_description":"DISCOVER KOBE KOBE Range Hoods, a leader in the quiet kitchen ventilation industry, is based in Arcadia, California. Established in 1998, the company is dedicated to providing high-quality products and services. KOBE&#8217;s kitchen ventilation products are designed by Tosho &amp; Company, Ltd., its parent company in Japan.\u00a0 Tosho &amp; Company, Ltd. has been in the [&hellip;]","og_url":"https:\/\/aginternational.ca\/fr\/kobe\/","og_site_name":"AG International","article_publisher":"https:\/\/www.facebook.com\/distributeuraginternational\/","article_modified_time":"2024-09-10T16:13:33+00:00","og_image":[{"width":1200,"height":1200,"url":"https:\/\/aginternational.ca\/wp-content\/uploads\/AG_OGP.jpg","type":"image\/jpeg"}],"twitter_card":"summary_large_image","twitter_misc":{"Dur\u00e9e de lecture estim\u00e9e":"1 minute"},"schema":{"@context":"https:\/\/schema.org","@graph":[{"@type":"WebPage","@id":"https:\/\/aginternational.ca\/kobe\/","url":"https:\/\/aginternational.ca\/kobe\/","name":"Kobe - AG International","isPartOf":{"@id":"https:\/\/aginternational.ca\/#website"},"datePublished":"2024-09-02T16:07:37+00:00","dateModified":"2024-09-10T16:13:33+00:00","breadcrumb":{"@id":"https:\/\/aginternational.ca\/kobe\/#breadcrumb"},"inLanguage":"fr-FR","potentialAction":[{"@type":"ReadAction","target":["https:\/\/aginternational.ca\/kobe\/"]}]},{"@type":"BreadcrumbList","@id":"https:\/\/aginternational.ca\/kobe\/#breadcrumb","itemListElement":[{"@type":"ListItem","position":1,"name":"Home","item":"https:\/\/aginternational.ca\/"},{"@type":"ListItem","position":2,"name":"Kobe"}]},{"@type":"WebSite","@id":"https:\/\/aginternational.ca\/#website","url":"https:\/\/aginternational.ca\/","name":"AG International","description":"Premium products that elevate your space","publisher":{"@id":"https:\/\/aginternational.ca\/#organization"},"alternateName":"AG International","potentialAction":[{"@type":"SearchAction","target":{"@type":"EntryPoint","urlTemplate":"https:\/\/aginternational.ca\/?s={search_term_string}"},"query-input":{"@type":"PropertyValueSpecification","valueRequired":true,"valueName":"search_term_string"}}],"inLanguage":"fr-FR"},{"@type":"Organization","@id":"https:\/\/aginternational.ca\/#organization","name":"AG International","alternateName":"AG International","url":"https:\/\/aginternational.ca\/","logo":{"@type":"ImageObject","inLanguage":"fr-FR","@id":"https:\/\/aginternational.ca\/#\/schema\/logo\/image\/","url":"https:\/\/aginternational.ca\/wp-content\/uploads\/AG_OGP.jpg","contentUrl":"https:\/\/aginternational.ca\/wp-content\/uploads\/AG_OGP.jpg","width":1200,"height":1200,"caption":"AG International"},"image":{"@id":"https:\/\/aginternational.ca\/#\/schema\/logo\/image\/"},"sameAs":["https:\/\/www.facebook.com\/distributeuraginternational\/","https:\/\/www.linkedin.com\/company\/ag-international-ca\/","https:\/\/www.instagram.com\/aginternationalelectros\/"]}]}},"_links":{"self":[{"href":"https:\/\/aginternational.ca\/fr\/wp-json\/wp\/v2\/pages\/274"}],"collection":[{"href":"https:\/\/aginternational.ca\/fr\/wp-json\/wp\/v2\/pages"}],"about":[{"href":"https:\/\/aginternational.ca\/fr\/wp-json\/wp\/v2\/types\/page"}],"author":[{"embeddable":true,"href":"https:\/\/aginternational.ca\/fr\/wp-json\/wp\/v2\/users\/1"}],"replies":[{"embeddable":true,"href":"https:\/\/aginternational.ca\/fr\/wp-json\/wp\/v2\/comments?post=274"}],"version-history":[{"count":70,"href":"https:\/\/aginternational.ca\/fr\/wp-json\/wp\/v2\/pages\/274\/revisions"}],"predecessor-version":[{"id":1572,"href":"https:\/\/aginternational.ca\/fr\/wp-json\/wp\/v2\/pages\/274\/revisions\/1572"}],"wp:attachment":[{"href":"https:\/\/aginternational.ca\/fr\/wp-json\/wp\/v2\/media?parent=274"}],"curies":[{"name":"wp","href":"https:\/\/api.w.org\/{rel}","templated":true}]}}