{"id":312,"date":"2024-09-02T13:07:27","date_gmt":"2024-09-02T18:07:27","guid":{"rendered":"https:\/\/aginternational.ca\/?page_id=312"},"modified":"2025-06-18T11:32:39","modified_gmt":"2025-06-18T16:32:39","slug":"elica","status":"publish","type":"page","link":"https:\/\/aginternational.ca\/fr\/elica\/","title":{"rendered":"Elica"},"content":{"rendered":"<div data-elementor-type=\"wp-page\" data-elementor-id=\"312\" class=\"elementor elementor-312\">\n\t\t\t\t<div class=\"elementor-element elementor-element-1626650 e-con-full e-flex e-con e-parent\" data-id=\"1626650\" data-element_type=\"container\" data-settings=\"{&quot;background_background&quot;:&quot;classic&quot;}\">\n\t\t\t\t<div class=\"elementor-element elementor-element-7b5a7ea elementor-view-default elementor-widget elementor-widget-icon\" data-id=\"7b5a7ea\" data-element_type=\"widget\" data-widget_type=\"icon.default\">\n\t\t\t\t<div class=\"elementor-widget-container\">\n\t\t\t\t\t<div class=\"elementor-icon-wrapper\">\n\t\t\t<div class=\"elementor-icon\">\n\t\t\t<svg xmlns=\"http:\/\/www.w3.org\/2000\/svg\" width=\"166.88\" height=\"49.76\" viewbox=\"0 0 166.88 49.76\"><path d=\"M45,34.62H10.09c1.62,4.7,6.24,7.5,12.69,7.5H24c5.82,0,9.18-1.82,10.51-4.13h10.1c-1.41,6.37-7.92,11.77-21.24,11.77C9.32,49.76,0,42.82,0,31c-.21-10.8,10.94-17.8,23.41-17.66C36.94,13.32,45,20.89,45,31.19Zm-9.89-7.15C34.83,23.55,30.35,21,24,21H22.78C16.26,21,12,23.34,10.3,27.47Z\"><\/path><rect x=\"49.04\" width=\"9.46\" height=\"49.06\"><\/rect><rect x=\"63.24\" y=\"14.02\" width=\"9.46\" height=\"35.04\"><\/rect><path d=\"M99.71,13.32c12.62,0,20.61,5.39,21.73,13h-10c-1.19-3.36-5.26-5-11.08-5H99.15c-8.55,0-13.1,4.69-13.1,10.23s4.55,10.23,13.1,10.23h1.26c5.75,0,10.31-2,11-5h10c-1.12,7-8,13-21.66,13-14.78,0-23.26-7.71-23.26-18.22s8.9-18.22,23.26-18.22\"><\/path><path d=\"M140.39,27.4l16.19-1V26c0-3.29-3.86-5-10.37-5h-1.27c-5.32,0-9,1.75-9.46,3.92h-9.6c.42-6.59,8.55-11.56,19.91-11.56,13,0,20.25,4.76,20.25,13.8V41.35a29,29,0,0,0,.84,7.71h-9.46a18.17,18.17,0,0,1-.56-4.63c-2.87,2.88-8.27,5.33-16.12,5.33-11.14,0-16.33-4.2-16.33-11.21,0-6.73,5-10.38,16-11.15m2.8,14.72c8.06,0,13.39-2.59,13.39-7.15V33.78l-15.91,1C135.83,35,134,36.3,134,38.27c0,2.24,2.31,3.85,7.92,3.85Z\"><\/path><rect x=\"63.03\" width=\"9.88\" height=\"9.88\"><\/rect><\/svg>\t\t\t<\/div>\n\t\t<\/div>\n\t\t\t\t<\/div>\n\t\t\t\t<\/div>\n\t\t\t\t<\/div>\n\t\t<div class=\"elementor-element elementor-element-30e103e e-flex e-con-boxed e-con e-parent\" data-id=\"30e103e\" data-element_type=\"container\" data-settings=\"{&quot;background_background&quot;:&quot;classic&quot;}\">\n\t\t\t\t\t<div class=\"e-con-inner\">\n\t\t\t\t<div class=\"elementor-element elementor-element-a6b6f8e elementor-widget elementor-widget-text-editor\" data-id=\"a6b6f8e\" data-element_type=\"widget\" data-widget_type=\"text-editor.default\">\n\t\t\t\t<div class=\"elementor-widget-container\">\n\t\t\t<style>\/*! elementor - v3.23.0 - 05-08-2024 *\/\n.elementor-widget-text-editor.elementor-drop-cap-view-stacked .elementor-drop-cap{background-color:#69727d;color:#fff}.elementor-widget-text-editor.elementor-drop-cap-view-framed .elementor-drop-cap{color:#69727d;border:3px solid;background-color:transparent}.elementor-widget-text-editor:not(.elementor-drop-cap-view-default) .elementor-drop-cap{margin-top:8px}.elementor-widget-text-editor:not(.elementor-drop-cap-view-default) .elementor-drop-cap-letter{width:1em;height:1em}.elementor-widget-text-editor .elementor-drop-cap{float:left;text-align:center;line-height:1;font-size:50px}.elementor-widget-text-editor .elementor-drop-cap-letter{display:inline-block}<\/style>\t\t\t\t<h2><b>D\u00c9COUVREZ ELICA<\/b><\/h2>\t\t\t\t\t\t<\/div>\n\t\t\t\t<\/div>\n\t\t\t\t<div class=\"elementor-element elementor-element-21e5496 elementor-widget elementor-widget-text-editor\" data-id=\"21e5496\" data-element_type=\"widget\" data-widget_type=\"text-editor.default\">\n\t\t\t\t<div class=\"elementor-widget-container\">\n\t\t\t\t\t\t\t<p>Elica s'est inspir\u00e9e des principes du design italien, combinant les technologies les plus innovantes dans la cr\u00e9ation de hottes de cuisine. Elica est le leader du march\u00e9, repr\u00e9sent\u00e9 dans le monde entier sur cinq continents avec des usines de fabrication et des bureaux commerciaux.<\/p><p>Dot\u00e9s de caract\u00e9ristiques uniques, une vari\u00e9t\u00e9 de produits innovants et technologiques sont propos\u00e9s avec une qualit\u00e9 exceptionnelle et d'excellents prix, ce qui en fait la meilleure option.<\/p>\t\t\t\t\t\t<\/div>\n\t\t\t\t<\/div>\n\t\t\t\t\t<\/div>\n\t\t\t\t<\/div>\n\t\t<div class=\"elementor-element elementor-element-ccb7a21 e-con-full e-flex e-con e-parent\" data-id=\"ccb7a21\" data-element_type=\"container\" data-settings=\"{&quot;background_background&quot;:&quot;classic&quot;}\">\n\t\t<div class=\"elementor-element elementor-element-7fe8377 e-con-full e-flex e-con e-child\" data-id=\"7fe8377\" data-element_type=\"container\" data-settings=\"{&quot;background_background&quot;:&quot;classic&quot;}\">\n\t\t<div class=\"elementor-element elementor-element-b468840 e-con-full bgGradient e-flex e-con e-child\" data-id=\"b468840\" data-element_type=\"container\" data-settings=\"{&quot;background_background&quot;:&quot;gradient&quot;}\">\n\t\t\t\t<div class=\"elementor-element elementor-element-3043d3f elementor-widget elementor-widget-text-editor\" data-id=\"3043d3f\" data-element_type=\"widget\" data-widget_type=\"text-editor.default\">\n\t\t\t\t<div class=\"elementor-widget-container\">\n\t\t\t\t\t\t\t<p>R\u00c9FRIG\u00c9RATION<br \/>PLEINE GRANDEUR<\/p>\t\t\t\t\t\t<\/div>\n\t\t\t\t<\/div>\n\t\t\t\t<div class=\"elementor-element elementor-element-0dab966 elementor-widget elementor-widget-text-editor\" data-id=\"0dab966\" data-element_type=\"widget\" data-widget_type=\"text-editor.default\">\n\t\t\t\t<div class=\"elementor-widget-container\">\n\t\t\t\t\t\t\t<p>S\u00c9RIE DOLOMITES<\/p>\t\t\t\t\t\t<\/div>\n\t\t\t\t<\/div>\n\t\t\t\t<div class=\"elementor-element elementor-element-8f5c5c4 elementor-widget elementor-widget-button\" data-id=\"8f5c5c4\" data-element_type=\"widget\" data-widget_type=\"button.default\">\n\t\t\t\t<div class=\"elementor-widget-container\">\n\t\t\t\t\t<div class=\"elementor-button-wrapper\">\n\t\t\t<a class=\"elementor-button elementor-button-link elementor-size-sm\" href=\"https:\/\/aginternational.ca\/fr\/elica\/full-size-refrigeration\/\">\n\t\t\t\t\t\t<span class=\"elementor-button-content-wrapper\">\n\t\t\t\t\t\t\t\t\t<span class=\"elementor-button-text\">D\u00c9COUVREZ PLUS<\/span>\n\t\t\t\t\t<\/span>\n\t\t\t\t\t<\/a>\n\t\t<\/div>\n\t\t\t\t<\/div>\n\t\t\t\t<\/div>\n\t\t\t\t<\/div>\n\t\t\t\t<\/div>\n\t\t\t\t<\/div>\n\t\t<div class=\"elementor-element elementor-element-c05cfc8 e-flex e-con-boxed e-con e-parent\" data-id=\"c05cfc8\" data-element_type=\"container\" data-settings=\"{&quot;background_background&quot;:&quot;classic&quot;}\">\n\t\t\t\t\t<div class=\"e-con-inner\">\n\t\t\t\t<div class=\"elementor-element elementor-element-69f3308 noSpace elementor-widget elementor-widget-text-editor\" data-id=\"69f3308\" data-element_type=\"widget\" data-widget_type=\"text-editor.default\">\n\t\t\t\t<div class=\"elementor-widget-container\">\n\t\t\t\t\t\t\t<h4><b>En savoir plus sur nos produits<\/b><\/h4>\t\t\t\t\t\t<\/div>\n\t\t\t\t<\/div>\n\t\t\t\t\t<\/div>\n\t\t\t\t<\/div>\n\t\t<div class=\"elementor-element elementor-element-1abc1ca e-con-full e-flex e-con e-parent\" data-id=\"1abc1ca\" data-element_type=\"container\" data-settings=\"{&quot;background_background&quot;:&quot;classic&quot;}\">\n\t\t\t\t<div class=\"elementor-element elementor-element-106b7ec elementor-widget elementor-widget-html\" data-id=\"106b7ec\" data-element_type=\"widget\" data-widget_type=\"html.default\">\n\t\t\t\t<div class=\"elementor-widget-container\">\n\t\t\t<div class=\"brandsSlider\">\r\n  \r\n<div>\r\n<div class=\"brslCont\" style=\"background-image: url('\/wp-content\/uploads\/ag_international-elica-1.webp');\">\r\n<div class=\"brslOver\"><p>VOLTA<\/p><a href=\"https:\/\/www.elica.com\/US-en\/cooktops\/\" class=\"brslButton\">En savoir plus<\/a><\/div>\r\n<\/div>\r\n<\/div>\r\n\r\n<div>\r\n<div class=\"brslCont\" style=\"background-image: url('\/wp-content\/uploads\/ag_international-elica-2.webp');\">\r\n<div class=\"brslOver\"><p>NIKOLATESLA FLUX<\/p><a href=\"https:\/\/www.elica.com\/US-en\/cooktops\/\" class=\"brslButton\">En savoir plus<\/a><\/div>\r\n<\/div>\r\n<\/div>\r\n            \r\n<div>\r\n<div class=\"brslCont\" style=\"background-image: url('\/wp-content\/uploads\/ag_international-elica-3.webp');\">\r\n<div class=\"brslOver\"><p>SEASHELL<\/p><a href=\"https:\/\/www.elica.com\/US-en\/range-hoods\/island\/\" class=\"brslButton\">En savoir plus<\/a><\/div>\r\n<\/div>\r\n<\/div>\r\n\t\t            \r\n<div>\r\n<div class=\"brslCont\" style=\"background-image: url('\/wp-content\/uploads\/ag_international-elica-4.webp');\">\r\n<div class=\"brslOver\"><p>EBD51SS1<\/p><a href=\"https:\/\/www.elica.com\/US-en\/wine-cellars\/\" class=\"brslButton\">En savoir plus<\/a><\/div>\r\n<\/div>\r\n<\/div>\r\n \t\r\n<div>\r\n<div class=\"brslCont\" style=\"background-image: url('\/wp-content\/uploads\/ag_international-elica-5.webp');\">\r\n<div class=\"brslOver\"><p>ORISTANO<\/p><a href=\"https:\/\/www.elica.com\/US-en\/range-hoods\/wall-mounted\/\" class=\"brslButton\">En savoir plus<\/a><\/div>\r\n<\/div>\r\n<\/div>\r\n              \r\n<div>\r\n<div class=\"brslCont\" style=\"background-image: url('\/wp-content\/uploads\/ag_international-elica-6.webp');\">\r\n<div class=\"brslOver\"><p>HAIKU ISLAND<\/p><a href=\"https:\/\/www.elica.com\/US-en\/range-hoods\/island\/\" class=\"brslButton\">En savoir plus<\/a><\/div>\r\n<\/div>\r\n<\/div>\r\n        \r\n<div>\r\n<div class=\"brslCont\" style=\"background-image: url('\/wp-content\/uploads\/ag_international-elica-7.webp');\">\r\n<div class=\"brslOver\"><p>CIELO<\/p><a href=\"https:\/\/www.elica.com\/US-en\/range-hoods\/ceiling\/\" class=\"brslButton\">En savoir plus<\/a><\/div>\r\n<\/div>\r\n<\/div>\r\n                 \r\n<div>\r\n<div class=\"brslCont\" style=\"background-image: url('\/wp-content\/uploads\/ag_international-elica-8.webp');\">\r\n<div class=\"brslOver\"><p>TRENTO<\/p><a href=\"https:\/\/www.elica.com\/US-en\/range-hoods\/insert\" class=\"brslButton\">En savoir plus<\/a><\/div>\r\n<\/div>\r\n<\/div>\r\n           \t\r\n<div>\r\n<div class=\"brslCont\" style=\"background-image: url('\/wp-content\/uploads\/ag_international-elica-9.webp');\">\r\n<div class=\"brslOver\"><p>CINGOLI<\/p><a href=\"https:\/\/www.elica.com\/US-en\/range-hoods\/island\/\" class=\"brslButton\">En savoir plus<\/a><\/div>\r\n<\/div>\r\n<\/div>\r\n               \r\n<div>\r\n<div class=\"brslCont\" style=\"background-image: url('\/wp-content\/uploads\/ag_international-elica-11.webp');\">\r\n<div class=\"brslOver\"><p>EWS52SS1<\/p><a href=\"https:\/\/www.elica.com\/US-en\/wine-cellars\/ews52ss1\" class=\"brslButton\">En savoir plus<\/a><\/div>\r\n<\/div>\r\n<\/div>\r\n\r\n  \r\n\r\n\r\n<\/div>\t\t<\/div>\n\t\t\t\t<\/div>\n\t\t\t\t<\/div>\n\t\t<div class=\"elementor-element elementor-element-2363bec e-flex e-con-boxed e-con e-parent\" data-id=\"2363bec\" data-element_type=\"container\" data-settings=\"{&quot;background_background&quot;:&quot;classic&quot;}\">\n\t\t\t\t\t<div class=\"e-con-inner\">\n\t\t\t\t<div class=\"elementor-element elementor-element-d618559 elementor-align-center elementor-widget elementor-widget-button\" data-id=\"d618559\" data-element_type=\"widget\" data-widget_type=\"button.default\">\n\t\t\t\t<div class=\"elementor-widget-container\">\n\t\t\t\t\t<div class=\"elementor-button-wrapper\">\n\t\t\t<a class=\"elementor-button elementor-button-link elementor-size-sm\" href=\"https:\/\/www.elica.com\/CA-en\/range-hoods\" target=\"_blank\">\n\t\t\t\t\t\t<span class=\"elementor-button-content-wrapper\">\n\t\t\t\t\t\t\t\t\t<span class=\"elementor-button-text\">D\u00c9COUVREZ PLUS<\/span>\n\t\t\t\t\t<\/span>\n\t\t\t\t\t<\/a>\n\t\t<\/div>\n\t\t\t\t<\/div>\n\t\t\t\t<\/div>\n\t\t\t\t\t<\/div>\n\t\t\t\t<\/div>\n\t\t\t\t<\/div>","protected":false},"excerpt":{"rendered":"<p>DISCOVER ELICA Elica has been inspired by the principles of Italian Design, combining the most innovative technologies in the creation of range hoods. Elica is the market leader, represented worldwide on five continents with manufacturing plants and commercial offices. With unique features, a variety of innovative and technological products are offered with superb quality and [&hellip;]<\/p>","protected":false},"author":1,"featured_media":0,"parent":0,"menu_order":0,"comment_status":"closed","ping_status":"closed","template":"","meta":{"footnotes":""},"class_list":["post-312","page","type-page","status-publish","hentry"],"yoast_head":"<!-- This site is optimized with the Yoast SEO plugin v23.4 - https:\/\/yoast.com\/wordpress\/plugins\/seo\/ -->\n<title>Elica - AG International<\/title>\n<meta name=\"robots\" content=\"index, follow, max-snippet:-1, max-image-preview:large, max-video-preview:-1\" \/>\n<link rel=\"canonical\" href=\"https:\/\/aginternational.ca\/fr\/elica\/\" \/>\n<meta property=\"og:locale\" content=\"fr_FR\" \/>\n<meta property=\"og:type\" content=\"article\" \/>\n<meta property=\"og:title\" content=\"Elica - AG International\" \/>\n<meta property=\"og:description\" content=\"DISCOVER ELICA Elica has been inspired by the principles of Italian Design, combining the most innovative technologies in the creation of range hoods. Elica is the market leader, represented worldwide on five continents with manufacturing plants and commercial offices. With unique features, a variety of innovative and technological products are offered with superb quality and [&hellip;]\" \/>\n<meta property=\"og:url\" content=\"https:\/\/aginternational.ca\/fr\/elica\/\" \/>\n<meta property=\"og:site_name\" content=\"AG International\" \/>\n<meta property=\"article:publisher\" content=\"https:\/\/www.facebook.com\/distributeuraginternational\/\" \/>\n<meta property=\"article:modified_time\" content=\"2025-06-18T16:32:39+00:00\" \/>\n<meta property=\"og:image\" content=\"https:\/\/aginternational.ca\/wp-content\/uploads\/AG_OGP.jpg\" \/>\n\t<meta property=\"og:image:width\" content=\"1200\" \/>\n\t<meta property=\"og:image:height\" content=\"1200\" \/>\n\t<meta property=\"og:image:type\" content=\"image\/jpeg\" \/>\n<meta name=\"twitter:card\" content=\"summary_large_image\" \/>\n<meta name=\"twitter:label1\" content=\"Dur\u00e9e de lecture estim\u00e9e\" \/>\n\t<meta name=\"twitter:data1\" content=\"1 minute\" \/>\n<script type=\"application\/ld+json\" class=\"yoast-schema-graph\">{\"@context\":\"https:\/\/schema.org\",\"@graph\":[{\"@type\":\"WebPage\",\"@id\":\"https:\/\/aginternational.ca\/elica\/\",\"url\":\"https:\/\/aginternational.ca\/elica\/\",\"name\":\"Elica - AG International\",\"isPartOf\":{\"@id\":\"https:\/\/aginternational.ca\/#website\"},\"datePublished\":\"2024-09-02T18:07:27+00:00\",\"dateModified\":\"2025-06-18T16:32:39+00:00\",\"breadcrumb\":{\"@id\":\"https:\/\/aginternational.ca\/elica\/#breadcrumb\"},\"inLanguage\":\"fr-FR\",\"potentialAction\":[{\"@type\":\"ReadAction\",\"target\":[\"https:\/\/aginternational.ca\/elica\/\"]}]},{\"@type\":\"BreadcrumbList\",\"@id\":\"https:\/\/aginternational.ca\/elica\/#breadcrumb\",\"itemListElement\":[{\"@type\":\"ListItem\",\"position\":1,\"name\":\"Home\",\"item\":\"https:\/\/aginternational.ca\/\"},{\"@type\":\"ListItem\",\"position\":2,\"name\":\"Elica\"}]},{\"@type\":\"WebSite\",\"@id\":\"https:\/\/aginternational.ca\/#website\",\"url\":\"https:\/\/aginternational.ca\/\",\"name\":\"AG International\",\"description\":\"Premium products that elevate your space\",\"publisher\":{\"@id\":\"https:\/\/aginternational.ca\/#organization\"},\"alternateName\":\"AG International\",\"potentialAction\":[{\"@type\":\"SearchAction\",\"target\":{\"@type\":\"EntryPoint\",\"urlTemplate\":\"https:\/\/aginternational.ca\/?s={search_term_string}\"},\"query-input\":{\"@type\":\"PropertyValueSpecification\",\"valueRequired\":true,\"valueName\":\"search_term_string\"}}],\"inLanguage\":\"fr-FR\"},{\"@type\":\"Organization\",\"@id\":\"https:\/\/aginternational.ca\/#organization\",\"name\":\"AG International\",\"alternateName\":\"AG International\",\"url\":\"https:\/\/aginternational.ca\/\",\"logo\":{\"@type\":\"ImageObject\",\"inLanguage\":\"fr-FR\",\"@id\":\"https:\/\/aginternational.ca\/#\/schema\/logo\/image\/\",\"url\":\"https:\/\/aginternational.ca\/wp-content\/uploads\/AG_OGP.jpg\",\"contentUrl\":\"https:\/\/aginternational.ca\/wp-content\/uploads\/AG_OGP.jpg\",\"width\":1200,\"height\":1200,\"caption\":\"AG International\"},\"image\":{\"@id\":\"https:\/\/aginternational.ca\/#\/schema\/logo\/image\/\"},\"sameAs\":[\"https:\/\/www.facebook.com\/distributeuraginternational\/\",\"https:\/\/www.linkedin.com\/company\/ag-international-ca\/\",\"https:\/\/www.instagram.com\/aginternationalelectros\/\"]}]}<\/script>\n<!-- \/ Yoast SEO plugin. -->","yoast_head_json":{"title":"Elica - AG International","robots":{"index":"index","follow":"follow","max-snippet":"max-snippet:-1","max-image-preview":"max-image-preview:large","max-video-preview":"max-video-preview:-1"},"canonical":"https:\/\/aginternational.ca\/fr\/elica\/","og_locale":"fr_FR","og_type":"article","og_title":"Elica - AG International","og_description":"DISCOVER ELICA Elica has been inspired by the principles of Italian Design, combining the most innovative technologies in the creation of range hoods. Elica is the market leader, represented worldwide on five continents with manufacturing plants and commercial offices. With unique features, a variety of innovative and technological products are offered with superb quality and [&hellip;]","og_url":"https:\/\/aginternational.ca\/fr\/elica\/","og_site_name":"AG International","article_publisher":"https:\/\/www.facebook.com\/distributeuraginternational\/","article_modified_time":"2025-06-18T16:32:39+00:00","og_image":[{"width":1200,"height":1200,"url":"https:\/\/aginternational.ca\/wp-content\/uploads\/AG_OGP.jpg","type":"image\/jpeg"}],"twitter_card":"summary_large_image","twitter_misc":{"Dur\u00e9e de lecture estim\u00e9e":"1 minute"},"schema":{"@context":"https:\/\/schema.org","@graph":[{"@type":"WebPage","@id":"https:\/\/aginternational.ca\/elica\/","url":"https:\/\/aginternational.ca\/elica\/","name":"Elica - AG International","isPartOf":{"@id":"https:\/\/aginternational.ca\/#website"},"datePublished":"2024-09-02T18:07:27+00:00","dateModified":"2025-06-18T16:32:39+00:00","breadcrumb":{"@id":"https:\/\/aginternational.ca\/elica\/#breadcrumb"},"inLanguage":"fr-FR","potentialAction":[{"@type":"ReadAction","target":["https:\/\/aginternational.ca\/elica\/"]}]},{"@type":"BreadcrumbList","@id":"https:\/\/aginternational.ca\/elica\/#breadcrumb","itemListElement":[{"@type":"ListItem","position":1,"name":"Home","item":"https:\/\/aginternational.ca\/"},{"@type":"ListItem","position":2,"name":"Elica"}]},{"@type":"WebSite","@id":"https:\/\/aginternational.ca\/#website","url":"https:\/\/aginternational.ca\/","name":"AG International","description":"Premium products that elevate your space","publisher":{"@id":"https:\/\/aginternational.ca\/#organization"},"alternateName":"AG International","potentialAction":[{"@type":"SearchAction","target":{"@type":"EntryPoint","urlTemplate":"https:\/\/aginternational.ca\/?s={search_term_string}"},"query-input":{"@type":"PropertyValueSpecification","valueRequired":true,"valueName":"search_term_string"}}],"inLanguage":"fr-FR"},{"@type":"Organization","@id":"https:\/\/aginternational.ca\/#organization","name":"AG International","alternateName":"AG International","url":"https:\/\/aginternational.ca\/","logo":{"@type":"ImageObject","inLanguage":"fr-FR","@id":"https:\/\/aginternational.ca\/#\/schema\/logo\/image\/","url":"https:\/\/aginternational.ca\/wp-content\/uploads\/AG_OGP.jpg","contentUrl":"https:\/\/aginternational.ca\/wp-content\/uploads\/AG_OGP.jpg","width":1200,"height":1200,"caption":"AG International"},"image":{"@id":"https:\/\/aginternational.ca\/#\/schema\/logo\/image\/"},"sameAs":["https:\/\/www.facebook.com\/distributeuraginternational\/","https:\/\/www.linkedin.com\/company\/ag-international-ca\/","https:\/\/www.instagram.com\/aginternationalelectros\/"]}]}},"_links":{"self":[{"href":"https:\/\/aginternational.ca\/fr\/wp-json\/wp\/v2\/pages\/312"}],"collection":[{"href":"https:\/\/aginternational.ca\/fr\/wp-json\/wp\/v2\/pages"}],"about":[{"href":"https:\/\/aginternational.ca\/fr\/wp-json\/wp\/v2\/types\/page"}],"author":[{"embeddable":true,"href":"https:\/\/aginternational.ca\/fr\/wp-json\/wp\/v2\/users\/1"}],"replies":[{"embeddable":true,"href":"https:\/\/aginternational.ca\/fr\/wp-json\/wp\/v2\/comments?post=312"}],"version-history":[{"count":238,"href":"https:\/\/aginternational.ca\/fr\/wp-json\/wp\/v2\/pages\/312\/revisions"}],"predecessor-version":[{"id":2948,"href":"https:\/\/aginternational.ca\/fr\/wp-json\/wp\/v2\/pages\/312\/revisions\/2948"}],"wp:attachment":[{"href":"https:\/\/aginternational.ca\/fr\/wp-json\/wp\/v2\/media?parent=312"}],"curies":[{"name":"wp","href":"https:\/\/api.w.org\/{rel}","templated":true}]}}